{"id":4446,"date":"2024-04-01T10:01:51","date_gmt":"2024-04-01T17:01:51","guid":{"rendered":"https:\/\/nccfoodbank.org\/?page_id=4446"},"modified":"2026-02-23T12:15:09","modified_gmt":"2026-02-23T20:15:09","slug":"homebig","status":"publish","type":"page","link":"https:\/\/nccfoodbank.org\/es\/","title":{"rendered":"P\u00e1gina principal de NCCFB"},"content":{"rendered":"<div class=\"et_pb_section_0 et_pb_section et_pb_fullwidth_section et_section_regular et_block_section\"><div class=\"et_pb_fullwidth_slider_0 et_pb_slider et_slider_auto et_slider_auto_ignore_hover et_slider_speed_7000 et_pb_module\"><div class=\"et_pb_slides\"><div class=\"et_pb_slide_0 et_pb_slide et_pb_slider_with_text_overlay et_pb_media_alignment_center et_pb_bg_layout_dark et_pb_text_align_center et_pb_section_parallax et_clickable\" data-slide-id=\"divi\/slide-0\"><span class=\"et-pb-parallax-wrapper\"><span class=\"et-pb-parallax-background et-pb-parallax-background-module--divi-slide-0\" style=\"background-image:url(https:\/\/nccfoodbank.org\/wp-content\/uploads\/2024\/02\/gardening-image-1024x682-1.jpg)\"><\/span><\/span><div class=\"et_pb_container\"><div class=\"et_pb_slider_container_inner\"><div class=\"et_pb_slide_description\"><div class=\"et_pb_text_overlay_wrapper\"><h2 class=\"et_pb_slide_title\"><a href=\"https:\/\/nccfoodbank.org\/es\/about\/services\/\" target=\"\" class=\"et_pb_slide_title_link\">Alimentando a personas y familias necesitadas.<\/a><\/h2><\/div><div class=\"et_pb_button_wrapper\"><a class=\"et_pb_button et_pb_more_button\" href=\"https:\/\/nccfoodbank.org\/es\/about\/services\/\">Conseguir comida<\/a><\/div><\/div><\/div><\/div><\/div><div class=\"et_pb_slide_1 et_pb_slide et_pb_slider_with_text_overlay et_pb_media_alignment_center et_pb_bg_layout_dark et_pb_text_align_center et_pb_section_parallax et_clickable\" data-slide-id=\"divi\/slide-1\"><span class=\"et-pb-parallax-wrapper\"><span class=\"et-pb-parallax-background et-pb-parallax-background-module--divi-slide-1\" style=\"background-image:url(https:\/\/nccfoodbank.org\/wp-content\/uploads\/2024\/02\/food-bank_69.jpg)\"><\/span><\/span><div class=\"et_pb_container\"><div class=\"et_pb_slider_container_inner\"><div class=\"et_pb_slide_description\"><div class=\"et_pb_text_overlay_wrapper\"><h2 class=\"et_pb_slide_title\"><a href=\"https:\/\/nccfoodbank.org\/es\/donate\/\" target=\"\" class=\"et_pb_slide_title_link\">Gracias a nuestros donantes, estamos aqu\u00ed para ayudar.<\/a><\/h2><\/div><div class=\"et_pb_button_wrapper\"><a class=\"et_pb_button et_pb_more_button\" href=\"https:\/\/nccfoodbank.org\/es\/donate\/\">Donar<\/a><\/div><\/div><\/div><\/div><\/div><\/div><\/div><\/div><div class=\"et_pb_section_1 et_pb_section et_section_regular et_block_section\"><div class=\"et_pb_row_0 et_pb_row et_block_row\"><div class=\"et_pb_column_0 et_pb_column et_pb_column_1_3 et_block_column et_pb_css_mix_blend_mode_passthrough\"><div class=\"et_pb_text_0 et_pb_text et_pb_bg_layout_light et_clickable et_pb_module et_block_module\"><div class=\"et_pb_text_inner\"><h2 style=\"text-align: center;\"><span style=\"color: #ffffff;\">Apoye al Banco de Alimentos<\/span><\/h2>\n<p style=\"text-align: center;\"><span style=\"color: #ffffff;\">La demanda de bancos de alimentos nunca ha sido tan alta como ahora. \u00a1Necesitamos tu apoyo continuo!<\/span><\/p>\n<\/div><\/div><div class=\"et_pb_image_0 et_pb_image et_pb_module et_block_module\"><a href=\"https:\/\/nccfoodbank.org\/es\/donate\/\"><span class=\"et_pb_image_wrap\"><img loading=\"lazy\" decoding=\"async\" src=\"https:\/\/nccfoodbank.org\/wp-content\/uploads\/2017\/10\/Services-Home.jpg\" width=\"370\" height=\"210\" srcset=\"https:\/\/nccfoodbank.org\/wp-content\/uploads\/2017\/10\/Services-Home.jpg 370w, https:\/\/nccfoodbank.org\/wp-content\/uploads\/2017\/10\/Services-Home-300x170.jpg 300w\" sizes=\"(max-width: 370px) 100vw, 370px\" class=\"wp-image-2241\" title=\"Servicios-Inicio\" \/><\/span><\/a><\/div><\/div><div class=\"et_pb_column_1 et_pb_column et_pb_column_1_3 et_block_column et_pb_css_mix_blend_mode_passthrough\"><div class=\"et_pb_text_1 et_pb_text et_pb_bg_layout_light et_clickable et_pb_module et_block_module\"><div class=\"et_pb_text_inner\"><h2 style=\"text-align: center;\"><span style=\"color: #ffffff;\">Servicios<\/span><\/h2>\n<p style=\"text-align: center;\"><span style=\"color: #ffffff;\">Atendemos a m\u00e1s de 950 familias al mes, ofreci\u00e9ndoles suministros alimentarios, ayuda para la compra y el empleo, cursos b\u00e1sicos de cocina y mucho m\u00e1s.<\/span><\/p>\n<\/div><\/div><div class=\"et_pb_image_1 et_pb_image et_pb_module et_block_module\"><a href=\"https:\/\/nccfoodbank.org\/es\/about\/services\/\"><span class=\"et_pb_image_wrap\"><img loading=\"lazy\" decoding=\"async\" src=\"https:\/\/nccfoodbank.org\/wp-content\/uploads\/2017\/10\/Donate-Home.jpg\" width=\"370\" height=\"210\" srcset=\"https:\/\/nccfoodbank.org\/wp-content\/uploads\/2017\/10\/Donate-Home.jpg 370w, https:\/\/nccfoodbank.org\/wp-content\/uploads\/2017\/10\/Donate-Home-300x170.jpg 300w\" sizes=\"(max-width: 370px) 100vw, 370px\" class=\"wp-image-2240\" title=\"Donar-Inicio\" \/><\/span><\/a><\/div><\/div><div class=\"et_pb_column_2 et_pb_column et_pb_column_1_3 et-last-child et_block_column et_pb_css_mix_blend_mode_passthrough\"><div class=\"et_pb_text_2 et_pb_text et_pb_bg_layout_light et_clickable et_pb_module et_block_module\"><div class=\"et_pb_text_inner\"><h2 style=\"text-align: center;\"><span style=\"color: #ffffff;\">Voluntario<br \/><\/span><\/h2>\n<p style=\"text-align: center;\"><span style=\"color: #ffffff;\">Si est\u00e1s listo para ayudarnos a ayudar a los necesitados, llena un formulario de registro para ser voluntario. Desde reponer estantes hasta planear eventos, hay un lugar para que contribuyas.<\/span><\/p>\n<\/div><\/div><div class=\"et_pb_image_2 et_pb_image et_pb_module et_block_module\"><a href=\"https:\/\/nccfoodbank.org\/es\/volunteer-2\/\"><span class=\"et_pb_image_wrap\"><img loading=\"lazy\" decoding=\"async\" src=\"https:\/\/nccfoodbank.org\/wp-content\/uploads\/2017\/10\/Volunteer-Home.jpg\" width=\"370\" height=\"210\" srcset=\"https:\/\/nccfoodbank.org\/wp-content\/uploads\/2017\/10\/Volunteer-Home.jpg 370w, https:\/\/nccfoodbank.org\/wp-content\/uploads\/2017\/10\/Volunteer-Home-300x170.jpg 300w\" sizes=\"(max-width: 370px) 100vw, 370px\" class=\"wp-image-2242\" title=\"Voluntariado en casa\" \/><\/span><\/a><\/div><\/div><\/div><div class=\"et_pb_row_1 et_pb_row et_block_row\"><div class=\"et_pb_column_3 et_pb_column et_pb_column_4_4 et-last-child et_block_column et_pb_css_mix_blend_mode_passthrough\"><div class=\"et_pb_heading_0 et_pb_heading et_pb_module et_block_module\"><div class=\"et_pb_heading_container\"><h1 class=\"et_pb_module_header\">El Banco de Alimentos del Condado Norte ofrece a los clientes esperanza, dignidad y confianza.<\/h1><\/div><\/div><\/div><\/div><div class=\"et_pb_row_2 et_pb_row et_pb_row_3-4_1-4 et_block_row et_block_row_3-4_1-4\"><div class=\"et_pb_column_4 et_pb_column et_pb_column_3_4 et_block_column et_pb_css_mix_blend_mode_passthrough\"><div class=\"et_pb_text_3 et_pb_text et_pb_bg_layout_light et_pb_module et_block_module\"><div class=\"et_pb_text_inner\"><h2>Qu\u00e9 hacemos<\/h2>\n<p>Conozca la variedad de programas que ofrece el Banco de Alimentos Comunitario del Condado Norte. Desde clases de cocina saludable, nutrici\u00f3n, presupuestos, planificaci\u00f3n financiera, b\u00fasqueda de empleo, preparaci\u00f3n para entrevistas y el primer d\u00eda, hasta m\u00e1s para todas las edades. No solo combatimos el hambre, sino que tambi\u00e9n fomentamos la confianza, infundimos esperanza y desarrollamos personas m\u00e1s fuertes.<\/p>\n<\/div><\/div><div class=\"et_pb_module et_pb_button_module_wrapper et_pb_button_0_wrapper\"><a class=\"et_pb_button_0 et_pb_button et_pb_bg_layout_light et_pb_module et_block_module\" href=\"https:\/\/nccfoodbank.org\/es\/about\/\">Leer m\u00e1s...<\/a><\/div><\/div><div class=\"et_pb_column_5 et_pb_column et_pb_column_1_4 et-last-child et_block_column et_pb_css_mix_blend_mode_passthrough\"><div class=\"et_pb_image_3 et_pb_image et_pb_module et_block_module\"><span class=\"et_pb_image_wrap\"><img loading=\"lazy\" decoding=\"async\" src=\"https:\/\/nccfoodbank.org\/wp-content\/uploads\/2024\/02\/bean-sprout-in-hand-large-vert-scaled-1.jpg\" width=\"2560\" height=\"1707\" srcset=\"https:\/\/nccfoodbank.org\/wp-content\/uploads\/2024\/02\/bean-sprout-in-hand-large-vert-scaled-1.jpg 2560w, https:\/\/nccfoodbank.org\/wp-content\/uploads\/2024\/02\/bean-sprout-in-hand-large-vert-scaled-1-1280x854.jpg 1280w, https:\/\/nccfoodbank.org\/wp-content\/uploads\/2024\/02\/bean-sprout-in-hand-large-vert-scaled-1-980x653.jpg 980w, https:\/\/nccfoodbank.org\/wp-content\/uploads\/2024\/02\/bean-sprout-in-hand-large-vert-scaled-1-480x320.jpg 480w\" sizes=\"(min-width: 0px) and (max-width: 480px) 480px, (min-width: 481px) and (max-width: 980px) 980px, (min-width: 981px) and (max-width: 1280px) 1280px, (min-width: 1281px) 2560px, 100vw\" class=\"wp-image-3763\" title=\"brote de soja en mano grande vert\" \/><\/span><\/div><\/div><\/div><div class=\"et_pb_row_3 et_pb_row et_pb_row_1-4_3-4 et_block_row et_block_row_1-4_3-4\"><div class=\"et_pb_column_6 et_pb_column et_pb_column_1_4 et_block_column et_pb_css_mix_blend_mode_passthrough\"><div class=\"et_pb_image_4 et_pb_image et_pb_module et_block_module\"><span class=\"et_pb_image_wrap\"><img loading=\"lazy\" decoding=\"async\" src=\"https:\/\/nccfoodbank.org\/wp-content\/uploads\/2024\/02\/fresh-baked-bread.jpg\" width=\"1280\" height=\"853\" srcset=\"https:\/\/nccfoodbank.org\/wp-content\/uploads\/2024\/02\/fresh-baked-bread.jpg 1280w, https:\/\/nccfoodbank.org\/wp-content\/uploads\/2024\/02\/fresh-baked-bread-980x653.jpg 980w, https:\/\/nccfoodbank.org\/wp-content\/uploads\/2024\/02\/fresh-baked-bread-480x320.jpg 480w\" sizes=\"(min-width: 0px) and (max-width: 480px) 480px, (min-width: 481px) and (max-width: 980px) 980px, (min-width: 981px) 1280px, 100vw\" class=\"wp-image-3764\" title=\"pan reci\u00e9n horneado\" \/><\/span><\/div><\/div><div class=\"et_pb_column_7 et_pb_column et_pb_column_3_4 et-last-child et_block_column et_pb_css_mix_blend_mode_passthrough\"><div class=\"et_pb_text_4 et_pb_text et_pb_bg_layout_light et_pb_module et_block_module\"><div class=\"et_pb_text_inner\"><h2>Recursos<\/h2>\n<p>El Banco de Alimentos Comunitario del Condado Norte desarrolla s\u00f3lidas alianzas en toda la zona para brindar servicios, educaci\u00f3n y atenci\u00f3n muy necesarios a quienes atendemos. Algunos de los servicios que ofrece el Banco de Alimentos del Condado Norte son resultado de colaboraciones creativas con: el Consejo para las Personas sin Hogar, Work Source, el Instituto Culinario de Clark College, SeaMar, Battle Ground Health Care y muchos otros. Consulte nuestra p\u00e1gina de Recursos con frecuencia para obtener enlaces a los servicios disponibles en toda la zona.<\/p>\n<\/div><\/div><div class=\"et_pb_module et_pb_button_module_wrapper et_pb_button_1_wrapper\"><a class=\"et_pb_button_1 et_pb_button et_pb_bg_layout_light et_pb_module et_block_module\" href=\"https:\/\/nccfoodbank.org\/es\/about\/services\/\">Leer m\u00e1s...<\/a><\/div><\/div><\/div><\/div><div class=\"et_pb_section_2 et_pb_section et_pb_fullwidth_section et_section_regular et_block_section\"><\/div><div class=\"et_pb_section_3 et_pb_section et_section_regular et_block_section section_has_divider et_pb_top_divider\"><div class=\"et_pb_top_inside_divider et-no-transition\"><\/div><div class=\"et_pb_row_4 et_pb_row et_block_row\"><div class=\"et_pb_column_8 et_pb_column et_pb_column_4_4 et-last-child et_block_column et_pb_css_mix_blend_mode_passthrough\"><div class=\"et_pb_heading_1 et_pb_heading et_pb_module et_block_module\"><div class=\"et_pb_heading_container\"><h1 class=\"et_pb_module_header\">Contactos y Horarios<\/h1><\/div><\/div><\/div><\/div><div class=\"et_pb_row_5 et_pb_row et_block_row\"><div class=\"et_pb_column_9 et_pb_column et_pb_column_1_3 et_block_column et_pb_css_mix_blend_mode_passthrough\"><div class=\"et_pb_text_5 et_pb_text et_pb_bg_layout_light et_pb_module et_block_module\"><div class=\"et_pb_text_inner\"><h3>Ubicaci\u00f3n<\/h3>\n<p>El Banco de Alimentos Comunitario del Condado Norte est\u00e1 ubicado en 17 NE 3rd Ave, Battle Ground, WA 98604. Nuestra direcci\u00f3n postal: PO Box 2106, Battle Ground, WA 98604<\/p>\n<p>&nbsp;<\/p>\n<\/div><\/div><div class=\"et_pb_image_5 et_pb_image et_pb_module et_block_module\"><a href=\"https:\/\/maps.app.goo.gl\/BbXVSE8esD7z9D3a9\" target=\"_blank\"><span class=\"et_pb_image_wrap\"><img loading=\"lazy\" decoding=\"async\" src=\"https:\/\/nccfoodbank.org\/wp-content\/uploads\/2024\/02\/google-map-screenshot.jpg\" width=\"2010\" height=\"1197\" srcset=\"https:\/\/nccfoodbank.org\/wp-content\/uploads\/2024\/02\/google-map-screenshot.jpg 2010w, https:\/\/nccfoodbank.org\/wp-content\/uploads\/2024\/02\/google-map-screenshot-1280x762.jpg 1280w, https:\/\/nccfoodbank.org\/wp-content\/uploads\/2024\/02\/google-map-screenshot-980x584.jpg 980w, https:\/\/nccfoodbank.org\/wp-content\/uploads\/2024\/02\/google-map-screenshot-480x286.jpg 480w\" sizes=\"(min-width: 0px) and (max-width: 480px) 480px, (min-width: 481px) and (max-width: 980px) 980px, (min-width: 981px) and (max-width: 1280px) 1280px, (min-width: 1281px) 2010px, 100vw\" class=\"wp-image-3765\" title=\"captura de pantalla del mapa de Google\" \/><\/span><\/a><\/div><\/div><div class=\"et_pb_column_10 et_pb_column et_pb_column_1_3 et_block_column et_pb_css_mix_blend_mode_passthrough\"><div class=\"et_pb_text_6 et_pb_text et_pb_bg_layout_light et_pb_module et_block_module\"><div class=\"et_pb_text_inner\"><h3>Horario de atenci\u00f3n al cliente<\/h3>\n<p>De lunes a viernes por la ma\u00f1ana:<br \/>9:00 - 11:15 a. m.<\/p>\n<p>Tardes de lunes a jueves:<\/p>\n<p>1:30 p. m. - 3:15 p. m.<\/p>\n<p><strong><u>Cerrado viernes por la tarde y festivos.<\/u><\/strong><\/p>\n<\/div><\/div><\/div><div class=\"et_pb_column_11 et_pb_column et_pb_column_1_3 et-last-child et_block_column et_pb_css_mix_blend_mode_passthrough\"><div class=\"et_pb_text_7 et_pb_text et_pb_bg_layout_light et_pb_module et_block_module\"><div class=\"et_pb_text_inner\"><h3>Horario de recepci\u00f3n de donaciones<\/h3>\n<p>De lunes a jueves de 7:30 a 4 pm<\/p>\n<p>Viernes por la ma\u00f1ana: 7:30 - 12:00<\/p>\n<p>Donantes: ll\u00e1menos al 360.687.5007 para coordinar la entrega de su donaci\u00f3n de lunes a viernes.<\/p>\n<\/div><\/div><\/div><\/div><\/div>","protected":false},"excerpt":{"rendered":"<p>Esta es la p\u00e1gina principal de North County Community Food Bank en Battleground, Washington.<\/p>","protected":false},"author":2,"featured_media":0,"parent":0,"menu_order":0,"comment_status":"closed","ping_status":"closed","template":"","meta":{"give_campaign_id":0,"footnotes":""},"class_list":["post-4446","page","type-page","status-publish","hentry"],"campaignId":"","_links":{"self":[{"href":"https:\/\/nccfoodbank.org\/es\/wp-json\/wp\/v2\/pages\/4446","targetHints":{"allow":["GET"]}}],"collection":[{"href":"https:\/\/nccfoodbank.org\/es\/wp-json\/wp\/v2\/pages"}],"about":[{"href":"https:\/\/nccfoodbank.org\/es\/wp-json\/wp\/v2\/types\/page"}],"author":[{"embeddable":true,"href":"https:\/\/nccfoodbank.org\/es\/wp-json\/wp\/v2\/users\/2"}],"replies":[{"embeddable":true,"href":"https:\/\/nccfoodbank.org\/es\/wp-json\/wp\/v2\/comments?post=4446"}],"version-history":[{"count":0,"href":"https:\/\/nccfoodbank.org\/es\/wp-json\/wp\/v2\/pages\/4446\/revisions"}],"wp:attachment":[{"href":"https:\/\/nccfoodbank.org\/es\/wp-json\/wp\/v2\/media?parent=4446"}],"curies":[{"name":"wp","href":"https:\/\/api.w.org\/{rel}","templated":true}]}}