{"id":220,"date":"2012-01-18T17:03:20","date_gmt":"2012-01-18T17:03:20","guid":{"rendered":"https:\/\/nccfoodbank.org\/about\/testi\/"},"modified":"2026-02-23T12:14:39","modified_gmt":"2026-02-23T20:14:39","slug":"mission","status":"publish","type":"page","link":"https:\/\/nccfoodbank.org\/es\/about\/mission\/","title":{"rendered":"Misi\u00f3n"},"content":{"rendered":"<div class=\"et_pb_section_0 et_pb_section et_pb_fullwidth_section et_section_regular et_block_section\"><section class=\"et_pb_fullwidth_header_0 et_pb_fullwidth_header et_pb_bg_layout_dark et_pb_text_align_left et_pb_module et_flex_module\"><div class=\"et_pb_fullwidth_header_container left\"><div class=\"header-content-container center\"><div class=\"header-content et_flex_module\"><h1 class=\"et_pb_module_header\">Misi\u00f3n<\/h1><div class=\"et_pb_header_button_wrapper\"><\/div><\/div><\/div><\/div><div class=\"et_pb_fullwidth_header_overlay\"><\/div><div class=\"et_pb_fullwidth_header_scroll\"><\/div><\/section><\/div><div class=\"et_pb_section_1 et_pb_section et_section_regular et_block_section section_has_divider et_pb_top_divider et_pb_bottom_divider\"><div class=\"et_pb_top_inside_divider et-no-transition\"><\/div><div class=\"et_pb_row_0 et_pb_row et_pb_equal_columns et_block_row\"><div class=\"et_pb_column_0 et_pb_column et_pb_column_4_4 et-last-child et_block_column et_pb_css_mix_blend_mode_passthrough\"><div class=\"et_pb_text_0 et_pb_text et_pb_bg_layout_light et_pb_module et_block_module\"><div class=\"et_pb_text_inner\"><h1>Nuestro Banco de Alimentos lleva sirviendo al Norte del Condado desde 1980.<\/h1>\n<\/div><\/div><\/div><\/div><div class=\"et_pb_row_1 et_pb_row et_block_row\"><div class=\"et_pb_column_1 et_pb_column et_pb_column_3_5 et_block_column et_pb_css_mix_blend_mode_passthrough\"><div class=\"et_pb_text_1 et_pb_text et_pb_bg_layout_light et_pb_module et_block_module\"><div class=\"et_pb_text_inner\"><p>Nuestra misi\u00f3n es crear una comunidad en la que nadie pase hambre. Nos centramos en resolver los problemas y eliminar las barreras que se interponen entre las personas a las que atendemos y una vida en la que sean autosuficientes, est\u00e9n preparadas y tengan confianza en s\u00ed mismas. No s\u00f3lo proporcionamos alimentos de emergencia a nuestros clientes, sino tambi\u00e9n una amplia gama de cursos de habilidades b\u00e1sicas para la vida. En asociaci\u00f3n con servicios de la zona como WorkSource y Adventist Community Services, ofrecemos cursos como:<\/p>\n<ul>\n<li>Cocina sana<\/li>\n<li>Chef famoso y ni\u00f1os en la cocina<\/li>\n<li>Vivir con diabetes<\/li>\n<li>B\u00fasqueda de empleo y entrevistas<\/li>\n<li>Y mucho m\u00e1s.<\/li>\n<\/ul>\n<p>Nuestro objetivo es proporcionar a cada uno de nuestros clientes una sensaci\u00f3n de esperanza y la comprensi\u00f3n de que realmente nos importan.<\/p>\n<\/div><\/div><\/div><div class=\"et_pb_column_2 et_pb_column et_pb_column_2_5 et-last-child et_block_column et_pb_css_mix_blend_mode_passthrough\"><div class=\"et_pb_image_0 et_pb_image et_pb_module et_block_module\"><span class=\"et_pb_image_wrap\"><img loading=\"lazy\" decoding=\"async\" src=\"https:\/\/nccfoodbank.org\/wp-content\/uploads\/2017\/10\/Counter.jpg\" width=\"470\" height=\"390\" srcset=\"https:\/\/nccfoodbank.org\/wp-content\/uploads\/2017\/10\/Counter.jpg 470w, https:\/\/nccfoodbank.org\/wp-content\/uploads\/2017\/10\/Counter-300x249.jpg 300w\" sizes=\"(max-width: 470px) 100vw, 470px\" class=\"wp-image-2262\" title=\"Contador\" \/><\/span><\/div><\/div><\/div><div class=\"et_pb_row_2 et_pb_row et_block_row\"><div class=\"et_pb_column_3 et_pb_column et_pb_column_4_4 et-last-child et_block_column et_pb_css_mix_blend_mode_passthrough\"><div class=\"et_pb_text_2 et_pb_text et_pb_bg_layout_light et_pb_module et_block_module\"><div class=\"et_pb_text_inner\"><p>Puedes ayudarnos a marcar la diferencia en tu comunidad ofreci\u00e9ndote como voluntario, como donante de A.P.P.L.E. o haciendo un donativo \u00fanico, o simplemente compartiendo nuestro mensaje con los dem\u00e1s. Un\u00e1monos para hacer que nuestra comunidad sea m\u00e1s fuerte y saludable.<\/p>\n<p>Algunos datos sobre el banco de alimentos:<\/p>\n<ul>\n<li>40% de la poblaci\u00f3n a la que atendemos son ni\u00f1os afectados por el hambre debido a su situaci\u00f3n familiar.<\/li>\n<li>22% de nuestra poblaci\u00f3n son personas mayores que viven de la seguridad social y no pueden llegar a fin de mes, a menudo con dificultades tras situaciones m\u00e9dicas graves y enfermedades cr\u00f3nicas o c\u00e1ncer.<\/li>\n<\/ul>\n<p>Hay muchas formas de marcar la diferencia en tu comunidad.<\/p>\n<p>P\u00f3ngase en contacto con nosotros para obtener m\u00e1s informaci\u00f3n.<\/p>\n<\/div><\/div><div class=\"et_pb_text_3 et_pb_text et_pb_bg_layout_light et_pb_module et_block_module\"><div class=\"et_pb_text_inner\">\n<\/div><\/div><\/div><\/div><div class=\"et_pb_bottom_inside_divider et-no-transition\"><\/div><\/div>","protected":false},"excerpt":{"rendered":"","protected":false},"author":1,"featured_media":0,"parent":1797,"menu_order":0,"comment_status":"open","ping_status":"closed","template":"","meta":{"give_campaign_id":0,"footnotes":""},"class_list":["post-220","page","type-page","status-publish","hentry"],"campaignId":"","_links":{"self":[{"href":"https:\/\/nccfoodbank.org\/es\/wp-json\/wp\/v2\/pages\/220","targetHints":{"allow":["GET"]}}],"collection":[{"href":"https:\/\/nccfoodbank.org\/es\/wp-json\/wp\/v2\/pages"}],"about":[{"href":"https:\/\/nccfoodbank.org\/es\/wp-json\/wp\/v2\/types\/page"}],"author":[{"embeddable":true,"href":"https:\/\/nccfoodbank.org\/es\/wp-json\/wp\/v2\/users\/1"}],"replies":[{"embeddable":true,"href":"https:\/\/nccfoodbank.org\/es\/wp-json\/wp\/v2\/comments?post=220"}],"version-history":[{"count":0,"href":"https:\/\/nccfoodbank.org\/es\/wp-json\/wp\/v2\/pages\/220\/revisions"}],"up":[{"embeddable":true,"href":"https:\/\/nccfoodbank.org\/es\/wp-json\/wp\/v2\/pages\/1797"}],"wp:attachment":[{"href":"https:\/\/nccfoodbank.org\/es\/wp-json\/wp\/v2\/media?parent=220"}],"curies":[{"name":"wp","href":"https:\/\/api.w.org\/{rel}","templated":true}]}}