{"id":1997,"date":"2011-07-14T19:46:42","date_gmt":"2011-07-14T19:46:42","guid":{"rendered":"https:\/\/nccfoodbank.org\/about\/faqs\/"},"modified":"2026-02-23T11:56:41","modified_gmt":"2026-02-23T19:56:41","slug":"board-directors","status":"publish","type":"page","link":"https:\/\/nccfoodbank.org\/es\/about\/board-directors\/","title":{"rendered":"Junta Directiva"},"content":{"rendered":"<div class=\"et_pb_section_0 et_pb_section et_pb_fullwidth_section et_section_regular et_block_section\"><section class=\"et_pb_fullwidth_header_0 et_pb_fullwidth_header et_pb_bg_layout_dark et_pb_text_align_left et_pb_module et_flex_module\"><div class=\"et_pb_fullwidth_header_container left\"><div class=\"header-content-container center\"><div class=\"header-content et_flex_module\"><h1 class=\"et_pb_module_header\">Nuestro Consejo<\/h1><div class=\"et_pb_header_button_wrapper\"><\/div><\/div><\/div><\/div><div class=\"et_pb_fullwidth_header_overlay\"><\/div><div class=\"et_pb_fullwidth_header_scroll\"><\/div><\/section><\/div><div class=\"et_pb_section_1 et_pb_section et_section_regular et_block_section section_has_divider et_pb_top_divider\"><div class=\"et_pb_top_inside_divider et-no-transition\"><\/div><div class=\"et_pb_row_0 et_pb_row et_pb_equal_columns et_block_row\"><div class=\"et_pb_column_0 et_pb_column et_pb_column_2_5 et_block_column et_pb_css_mix_blend_mode_passthrough\"><div class=\"et_pb_team_member_0 et_pb_team_member et_pb_bg_layout_light et_pb_module et_block_module\"><div class=\"et_pb_team_member_image et-waypoint et_pb_animation_off\"><img loading=\"lazy\" decoding=\"async\" src=\"https:\/\/nccfoodbank.org\/wp-content\/uploads\/2024\/02\/Jerry-2023-.jpg\" alt=\"Jerry Kokle\" width=\"548\" height=\"768\" srcset=\"https:\/\/nccfoodbank.org\/wp-content\/uploads\/2024\/02\/Jerry-2023-.jpg 548w, https:\/\/nccfoodbank.org\/wp-content\/uploads\/2024\/02\/Jerry-2023--480x673.jpg 480w\" sizes=\"(min-width: 0px) and (max-width: 480px) 480px, (min-width: 481px) 548px, 100vw\" class=\"wp-image-3753\" \/><\/div><div class=\"et_pb_team_member_description\"><h4 class=\"et_pb_module_header\">Jerry Kokle<\/h4><p class=\"et_pb_member_position\">Presidente<\/p><\/div><\/div><\/div><div class=\"et_pb_column_1 et_pb_column et_pb_column_3_5 et-last-child et_block_column et_pb_css_mix_blend_mode_passthrough\"><div class=\"et_pb_text_0 et_pb_text et_pb_bg_layout_light et_pb_module et_block_module\"><div class=\"et_pb_text_inner\"><p>Jerry Kolke ha estado sirviendo en la junta desde 2014 ocupando varios cargos antes de convertirse en nuestro actual Presidente. Activo en todo el Condado de Clark, Jerry sirve como Comisionado de Bomberos del Condado de Clark y como miembro de la Junta Ejecutiva de la Asociaci\u00f3n de Ferias del Condado de Clark. Jerry tambi\u00e9n sirve en el Comit\u00e9 del Distrito de Instalaciones P\u00fablicas para el Condado, la planificaci\u00f3n y el desarrollo de lugares de promoci\u00f3n del turismo. Jerry es un firme defensor de la participaci\u00f3n de la comunidad y partidario desde hace mucho tiempo de la agricultura honrando el patrimonio agr\u00edcola rural de la zona. Jerry vive en la zona rural de Battle Ground con su esposa, Lisa. Tiene dos hijos adultos, cinco nietos y dos bisnietos. Los profundos lazos comunitarios de Jerry son extremadamente valiosos para el North County Community Food Bank. Edite o elimine este texto en l\u00ednea o en la configuraci\u00f3n de Contenido del m\u00f3dulo. Tambi\u00e9n puede aplicar estilo a cada aspecto de este contenido en la configuraci\u00f3n de Dise\u00f1o del m\u00f3dulo e incluso aplicar CSS personalizado a este texto en la configuraci\u00f3n Avanzada del m\u00f3dulo.<\/p>\n<\/div><\/div><\/div><\/div><div class=\"et_pb_row_1 et_pb_row et_block_row\"><div class=\"et_pb_column_2 et_pb_column et_pb_column_3_5 et_block_column et_pb_css_mix_blend_mode_passthrough\"><div class=\"et_pb_text_1 et_pb_text et_pb_bg_layout_light et_pb_module et_block_module\"><div class=\"et_pb_text_inner\"><figure class=\"featured-thumbnail\"><\/figure>\n<div class=\"team-content post-content\">\n<p>John Idsinga comenz\u00f3 a trabajar como voluntario en el North County Community Food Bank en el verano de 1992. Cada ma\u00f1ana, como conductor, recog\u00eda donaciones de Sunrise Bagels y las llevaba de vuelta al banco de alimentos durante 4 a\u00f1os. En 1996, John se uni\u00f3 a la junta, donde entre sus tareas diarias ha presidido la campa\u00f1a anual de recogida de alimentos Christmas Basket Food Drive y la cena y subasta Scare Away Hunger. Fue presidente de la junta durante seis a\u00f1os y sigue siendo voluntario. El servicio de John a la NCCFB fue reconocido en 1997 con el Premio al Ciudadano del A\u00f1o de Battle Ground y en 2004 con el Premio a la Trayectoria de la C\u00e1mara de Comercio. Sirvi\u00f3 a Battle Ground como alcalde durante tres mandatos, como concejal y como miembro y presidente del Consejo Escolar de Battle Ground. El compromiso de John con la comunidad se refleja en esta rica historia, y estamos orgullosos y agradecidos por su servicio.<\/p>\n<\/div>\n<\/div><\/div><\/div><div class=\"et_pb_column_3 et_pb_column et_pb_column_2_5 et-last-child et_block_column et_pb_css_mix_blend_mode_passthrough\"><div class=\"et_pb_team_member_1 et_pb_team_member et_pb_bg_layout_light et_pb_module et_block_module\"><div class=\"et_pb_team_member_image et-waypoint et_pb_animation_off\"><img loading=\"lazy\" decoding=\"async\" src=\"https:\/\/nccfoodbank.org\/wp-content\/uploads\/2024\/02\/John-Idsinga-2023.jpg\" alt=\"John Idsinga\" width=\"548\" height=\"768\" srcset=\"https:\/\/nccfoodbank.org\/wp-content\/uploads\/2024\/02\/John-Idsinga-2023.jpg 548w, https:\/\/nccfoodbank.org\/wp-content\/uploads\/2024\/02\/John-Idsinga-2023-480x673.jpg 480w\" sizes=\"(min-width: 0px) and (max-width: 480px) 480px, (min-width: 481px) 548px, 100vw\" class=\"wp-image-3754\" \/><\/div><div class=\"et_pb_team_member_description\"><h4 class=\"et_pb_module_header\">John Idsinga<\/h4><p class=\"et_pb_member_position\">Tesorero<\/p><\/div><\/div><\/div><\/div><div class=\"et_pb_row_2 et_pb_row et_block_row\"><div class=\"et_pb_column_4 et_pb_column et_pb_column_2_5 et_block_column et_pb_css_mix_blend_mode_passthrough\"><div class=\"et_pb_team_member_2 et_pb_team_member et_pb_bg_layout_light et_pb_module et_block_module\"><div class=\"et_pb_team_member_image et-waypoint et_pb_animation_off\"><img loading=\"lazy\" decoding=\"async\" src=\"https:\/\/nccfoodbank.org\/wp-content\/uploads\/2024\/02\/Colleen-Mulligan-2023.jpg\" alt=\"Colleen Mulligan\" width=\"548\" height=\"768\" srcset=\"https:\/\/nccfoodbank.org\/wp-content\/uploads\/2024\/02\/Colleen-Mulligan-2023.jpg 548w, https:\/\/nccfoodbank.org\/wp-content\/uploads\/2024\/02\/Colleen-Mulligan-2023-480x673.jpg 480w\" sizes=\"(min-width: 0px) and (max-width: 480px) 480px, (min-width: 481px) 548px, 100vw\" class=\"wp-image-3755\" \/><\/div><div class=\"et_pb_team_member_description\"><h4 class=\"et_pb_module_header\">Colleen Mulligan<\/h4><p class=\"et_pb_member_position\">Secretario<\/p><\/div><\/div><\/div><div class=\"et_pb_column_5 et_pb_column et_pb_column_3_5 et-last-child et_block_column et_pb_css_mix_blend_mode_passthrough\"><div class=\"et_pb_text_2 et_pb_text et_pb_bg_layout_light et_pb_module et_block_module\"><div class=\"et_pb_text_inner\"><p>Colleen Mulligan ha servido a la Junta de la Fundaci\u00f3n Comunitaria del Norte del Condado durante dos a\u00f1os. Como residente del norte del condado de Clark, Colleen se esfuerza por apoyar a su comunidad a trav\u00e9s de su participaci\u00f3n en el Banco de Alimentos. Al crecer en una familia que luch\u00f3, ella entiende personalmente la importancia de la seguridad alimentaria y c\u00f3mo el hambre afecta profundamente a los ni\u00f1os y las familias. El enfoque de Colleen en la familia y la educaci\u00f3n de los j\u00f3venes, la nutrici\u00f3n, la cocina saludable, la b\u00fasqueda de empleo, presupuesto y habilidades para la vida apoya la misi\u00f3n de North County Community Food Bank para proporcionar mucho m\u00e1s all\u00e1 de los servicios de alimentos de emergencia por s\u00ed sola. Ella espera con inter\u00e9s su papel ayudando a North County Community Food Bank ampliar los programas de educaci\u00f3n a trav\u00e9s de Celebrity Chefs &amp; Kids in the Kitchen, as\u00ed como otros servicios de apoyo al \u00e9xito de las familias y la confianza.<\/p>\n<\/div><\/div><\/div><\/div><div class=\"et_pb_row_3 et_pb_row et_block_row\"><div class=\"et_pb_column_6 et_pb_column et_pb_column_3_5 et_block_column et_pb_css_mix_blend_mode_passthrough\"><div class=\"et_pb_text_3 et_pb_text et_pb_bg_layout_light et_pb_module et_block_module\"><div class=\"et_pb_text_inner\"><p>Suzanne Holmberg trabaj\u00f3 en operaciones hoteleras y planificaci\u00f3n estrat\u00e9gica para hoteles independientes y de marca en Europa y Estados Unidos durante m\u00e1s de 25 a\u00f1os, antes de a\u00f1adir a su curr\u00edculum experiencia en consultor\u00eda y organizaciones sin \u00e1nimo de lucro.<\/p>\n<p>Se uni\u00f3 por primera vez a Vesta Hospitality en 1999 y se march\u00f3 en 2011 para perseguir su pasi\u00f3n y deseo de guiar a peque\u00f1as y medianas empresas en el desarrollo de futuros l\u00edderes y cultivar estrategias para el crecimiento futuro y la adquisici\u00f3n de talento. Se reincorpor\u00f3 al equipo de Vesta Hospitality en 2014 como directora de recursos humanos y, m\u00e1s tarde, directora de estrategias creativas y desarrollo del talento. Sus a\u00f1os de experiencia en el sector y su licenciatura en administraci\u00f3n y recursos humanos son herramientas \u00fatiles para agilizar procesos, desarrollar procedimientos y orientar a profesionales del sector hotelero.<\/p>\n<p>Holmberg disfrut\u00f3 de una educaci\u00f3n europea en el sector de la hosteler\u00eda, incluido un aprendizaje de tres a\u00f1os. Es licenciada en administraci\u00f3n y gesti\u00f3n hotelera por el Bavaria College de Alemania y posee el certificado de profesional en recursos humanos.<\/p>\n<p>Holmberg tambi\u00e9n participa activamente en la comunidad local, es voluntario en numerosas organizaciones sin \u00e1nimo de lucro, se gradu\u00f3 en Leadership Clark County y es socio fundador del Club Rotario de Three Creeks Vancouver, Washington.<\/p>\n<\/div><\/div><\/div><div class=\"et_pb_column_7 et_pb_column et_pb_column_2_5 et-last-child et_block_column et_pb_css_mix_blend_mode_passthrough\"><div class=\"et_pb_team_member_3 et_pb_team_member et_pb_bg_layout_light et_pb_module et_block_module\"><div class=\"et_pb_team_member_image et-waypoint et_pb_animation_off\"><img loading=\"lazy\" decoding=\"async\" src=\"https:\/\/nccfoodbank.org\/wp-content\/uploads\/2024\/02\/Susanne-Holmberg-2023.jpg\" alt=\"Susanne Holmberg\" width=\"548\" height=\"768\" srcset=\"https:\/\/nccfoodbank.org\/wp-content\/uploads\/2024\/02\/Susanne-Holmberg-2023.jpg 548w, https:\/\/nccfoodbank.org\/wp-content\/uploads\/2024\/02\/Susanne-Holmberg-2023-480x673.jpg 480w\" sizes=\"(min-width: 0px) and (max-width: 480px) 480px, (min-width: 481px) 548px, 100vw\" class=\"wp-image-3756\" \/><\/div><div class=\"et_pb_team_member_description\"><h4 class=\"et_pb_module_header\">Susanne Holmberg<\/h4><p class=\"et_pb_member_position\">Miembro del Consejo<\/p><\/div><\/div><\/div><\/div><div class=\"et_pb_row_4 et_pb_row et_block_row\"><div class=\"et_pb_column_8 et_pb_column et_pb_column_2_5 et_block_column et_pb_css_mix_blend_mode_passthrough\"><div class=\"et_pb_team_member_4 et_pb_team_member et_pb_bg_layout_light et_pb_module et_block_module\"><div class=\"et_pb_team_member_image et-waypoint et_pb_animation_off\"><img loading=\"lazy\" decoding=\"async\" src=\"https:\/\/nccfoodbank.org\/wp-content\/uploads\/2024\/02\/Chief-Nohr-2023.jpg\" alt=\"Chief John Nohr\" width=\"548\" height=\"768\" srcset=\"https:\/\/nccfoodbank.org\/wp-content\/uploads\/2024\/02\/Chief-Nohr-2023.jpg 548w, https:\/\/nccfoodbank.org\/wp-content\/uploads\/2024\/02\/Chief-Nohr-2023-480x673.jpg 480w\" sizes=\"(min-width: 0px) and (max-width: 480px) 480px, (min-width: 481px) 548px, 100vw\" class=\"wp-image-3757\" \/><\/div><div class=\"et_pb_team_member_description\"><h4 class=\"et_pb_module_header\">Jefe John Nohr<\/h4><p class=\"et_pb_member_position\">Miembro del Consejo<\/p><\/div><\/div><\/div><div class=\"et_pb_column_9 et_pb_column et_pb_column_3_5 et-last-child et_block_column et_pb_css_mix_blend_mode_passthrough\"><div class=\"et_pb_text_4 et_pb_text et_pb_bg_layout_light et_pb_module et_block_module\"><div class=\"et_pb_text_inner\"><p><span style=\"font-weight: 400;\">El jefe de bomberos John Nohr ha sido bombero durante 33 a\u00f1os, y es el jefe de Clark County Fire &amp; Rescue desde 2016. Antes de llegar a CCFR, el Jefe Nohr pas\u00f3 m\u00e1s de 28 a\u00f1os sirviendo con Portland Fire &amp; Rescue, donde pas\u00f3 tiempo en casi todos los niveles de la organizaci\u00f3n. Los cargos anteriores del jefe Nohr incluyen Jefe de Operaciones de Emergencia, Jefe de Servicios M\u00e9dicos de Emergencia, Jefe de la Divisi\u00f3n de Prevenci\u00f3n de Incendios, Jefe de la Divisi\u00f3n de Formaci\u00f3n y Seguridad, Jefe Adjunto-Comandante de Turno, Jefe de Seguridad y Jefe de Batall\u00f3n de Operaciones de Emergencia. Adem\u00e1s, el Jefe Nohr es param\u00e9dico titulado y licenciado en Administraci\u00f3n de Servicios contra Incendios por la Universidad Eastern Oregon. El jefe Nohr reside en el condado de Clark desde 1989. Cuando no est\u00e1 pasando tiempo con amigos y familiares, al Jefe Nohr le gusta explorar las carreteras secundarias y los senderos de Oreg\u00f3n y Washington en su motocicleta.<\/span><\/p>\n<\/div><\/div><\/div><\/div><div class=\"et_pb_row_5 et_pb_row et_block_row\"><div class=\"et_pb_column_10 et_pb_column et_pb_column_3_5 et_block_column et_pb_css_mix_blend_mode_passthrough\"><div class=\"et_pb_text_5 et_pb_text et_pb_bg_layout_light et_pb_module et_block_module\"><div class=\"et_pb_text_inner\"><p>Bill Baumann se licenci\u00f3 en Planificaci\u00f3n y Pol\u00edtica Medioambiental con especializaci\u00f3n en Reducci\u00f3n de Desastres y Planificaci\u00f3n de Emergencias por la Western Washington University en 2012. Tras graduarse, fue contratado como voluntario de AmeriCorps por la Oficina de Gesti\u00f3n de Emergencias de la ciudad de Everett. Bill complet\u00f3 su servicio de AmeriCorps y comenz\u00f3 a trabajar como Coordinador de Movilidad para el Consejo de Servicios Humanos en agosto de 2015. Bill naci\u00f3 y creci\u00f3 en Ridgefield, WA.<\/p>\n<p>Como Coordinador de Movilidad, Bill trabaja para aumentar el transporte y el acceso a los servicios para las personas mayores y las personas con discapacidad dentro del Condado de Clark. Esto incluye la gesti\u00f3n del 1-Call 1-Click Trip Resource Center, la conexi\u00f3n con miembros de la comunidad y proveedores de servicios para compartir recursos de transporte, y el trabajo para desarrollar programas de transporte adicionales para los residentes del Condado de Clark. Adem\u00e1s del trabajo de Bill como Coordinador de Movilidad, actualmente es miembro del Comit\u00e9 Asesor de Ciudadanos de C-TRAN y del Comit\u00e9 Asesor de Bicicletas y Peatones de las Comunidades de Clark. Fuera del trabajo, a Bill le encanta ir de mochilero a la naturaleza y jugar al f\u00fatbol.<\/p>\n<\/div><\/div><\/div><div class=\"et_pb_column_11 et_pb_column et_pb_column_2_5 et-last-child et_block_column et_pb_css_mix_blend_mode_passthrough\"><div class=\"et_pb_team_member_5 et_pb_team_member et_pb_bg_layout_light et_pb_module et_block_module\"><div class=\"et_pb_team_member_image et-waypoint et_pb_animation_off\"><img loading=\"lazy\" decoding=\"async\" src=\"https:\/\/nccfoodbank.org\/wp-content\/uploads\/2024\/02\/bill-bauman300.jpg\" alt=\"Bill Baumann\" width=\"548\" height=\"767\" srcset=\"https:\/\/nccfoodbank.org\/wp-content\/uploads\/2024\/02\/bill-bauman300.jpg 548w, https:\/\/nccfoodbank.org\/wp-content\/uploads\/2024\/02\/bill-bauman300-480x672.jpg 480w\" sizes=\"(min-width: 0px) and (max-width: 480px) 480px, (min-width: 481px) 548px, 100vw\" class=\"wp-image-3758\" \/><\/div><div class=\"et_pb_team_member_description\"><h4 class=\"et_pb_module_header\">Bill Baumann<\/h4><p class=\"et_pb_member_position\">Miembro del Consejo<\/p><\/div><\/div><\/div><\/div><\/div>","protected":false},"excerpt":{"rendered":"","protected":false},"author":1,"featured_media":0,"parent":1797,"menu_order":3,"comment_status":"closed","ping_status":"closed","template":"","meta":{"give_campaign_id":0,"footnotes":""},"class_list":["post-1997","page","type-page","status-publish","hentry"],"campaignId":"","_links":{"self":[{"href":"https:\/\/nccfoodbank.org\/es\/wp-json\/wp\/v2\/pages\/1997","targetHints":{"allow":["GET"]}}],"collection":[{"href":"https:\/\/nccfoodbank.org\/es\/wp-json\/wp\/v2\/pages"}],"about":[{"href":"https:\/\/nccfoodbank.org\/es\/wp-json\/wp\/v2\/types\/page"}],"author":[{"embeddable":true,"href":"https:\/\/nccfoodbank.org\/es\/wp-json\/wp\/v2\/users\/1"}],"replies":[{"embeddable":true,"href":"https:\/\/nccfoodbank.org\/es\/wp-json\/wp\/v2\/comments?post=1997"}],"version-history":[{"count":0,"href":"https:\/\/nccfoodbank.org\/es\/wp-json\/wp\/v2\/pages\/1997\/revisions"}],"up":[{"embeddable":true,"href":"https:\/\/nccfoodbank.org\/es\/wp-json\/wp\/v2\/pages\/1797"}],"wp:attachment":[{"href":"https:\/\/nccfoodbank.org\/es\/wp-json\/wp\/v2\/media?parent=1997"}],"curies":[{"name":"wp","href":"https:\/\/api.w.org\/{rel}","templated":true}]}}