{"id":1995,"date":"2024-02-27T19:45:42","date_gmt":"2024-02-28T03:45:42","guid":{"rendered":"https:\/\/nccfoodbank.org\/services\/"},"modified":"2026-02-23T12:14:50","modified_gmt":"2026-02-23T20:14:50","slug":"donate","status":"publish","type":"page","link":"https:\/\/nccfoodbank.org\/es\/donate\/","title":{"rendered":"Donar"},"content":{"rendered":"<div class=\"et_pb_section_0 et_pb_section et_pb_fullwidth_section et_section_regular et_block_section\"><section class=\"et_pb_fullwidth_header_0 et_pb_fullwidth_header et_pb_bg_layout_dark et_pb_text_align_left et_pb_module et_flex_module\"><div class=\"et_pb_fullwidth_header_container left\"><div class=\"header-content-container center\"><div class=\"header-content et_flex_module\"><h1 class=\"et_pb_module_header\">Donar<\/h1><div class=\"et_pb_header_button_wrapper\"><\/div><\/div><\/div><\/div><div class=\"et_pb_fullwidth_header_overlay\"><\/div><div class=\"et_pb_fullwidth_header_scroll\"><\/div><\/section><\/div><div class=\"et_pb_section_1 et_pb_section et_section_regular et_block_section section_has_divider et_pb_top_divider\"><div class=\"et_pb_top_inside_divider et-no-transition\"><\/div><div class=\"et_pb_row_0 et_pb_row et_block_row\"><div class=\"et_pb_column_0 et_pb_column et_pb_column_4_4 et-last-child et_block_column et_pb_css_mix_blend_mode_passthrough\"><div class=\"et_pb_heading_0 et_pb_heading et_pb_module et_block_module\"><div class=\"et_pb_heading_container\"><h1 class=\"et_pb_module_header\">Ayude a North County Community Food Bank a apoyar a las personas necesitadas.<\/h1><\/div><\/div><\/div><\/div><div class=\"et_pb_row_1 et_pb_row et_block_row\"><div class=\"et_pb_column_1 et_pb_column et_pb_column_4_4 et-last-child et_block_column et_pb_css_mix_blend_mode_passthrough\"><div class=\"et_pb_text_0 et_pb_text et_pb_bg_layout_light et_pb_module et_block_module\"><div class=\"et_pb_text_inner\"><p style=\"text-align: center;\">Sus donaciones deducibles de impuestos nos ayudan a apoyar a las familias en su camino hacia una independencia estable. Sus fondos nos ayudan a proporcionar educaci\u00f3n b\u00e1sica a ni\u00f1os, familias, personas sin hogar y personas mayores para ayudarles a recuperar su equilibrio.<\/p>\n<p style=\"text-align: center;\">A continuaci\u00f3n encontrar\u00e1s informaci\u00f3n adicional sobre c\u00f3mo donar alimentos y suministros, \u00a1tambi\u00e9n los necesitamos!<\/p>\n<p style=\"text-align: center;\">\n<\/div><\/div><\/div><\/div><div class=\"et_pb_row_2 et_pb_row et_block_row\"><div class=\"et_pb_column_2 et_pb_column et_pb_column_3_5 et_block_column et_pb_css_mix_blend_mode_passthrough\"><div class=\"et_pb_text_1 et_pb_text et_pb_bg_layout_light et_pb_module et_block_module\"><div class=\"et_pb_text_inner\"><p>Comprom\u00e9tase a donar $100 o m\u00e1s y se convertir\u00e1 en un miembro distinguido del programa A.P.P.L.E. del Banco de Alimentos de la Comunidad del Condado Norte. O \u00fanase a nuestro programa de donantes mensuales y tambi\u00e9n formar\u00e1 parte del programa A.P.P.L.E.<\/p>\n<\/div><\/div><div class=\"et_pb_text_2 et_pb_text et_pb_bg_layout_light et_pb_module et_block_module\"><div class=\"et_pb_text_inner\"><div class=\"shortcode\">\n<div class=\"shortcode\"><div class='root-data-givewp-embed' data-form-locale='es_MX' data-form-url='https:\/\/nccfoodbank.org\/?post_type=give_forms&amp;p=3875' data-form-view-url='https:\/\/nccfoodbank.org\/es\/?givewp-route=donation-form-view&amp;form-id=3875' data-src='https:\/\/nccfoodbank.org\/es\/?givewp-route=donation-form-view&amp;form-id=3875' data-givewp-embed-id='give-form-shortcode-1' data-form-format='' data-open-form-button='Donate now' style='--givewp-primary-color: #579027; --givewp-secondary-color: #f49420;'><\/div><\/div>\n<\/div>\n<\/div><\/div><\/div><div class=\"et_pb_column_3 et_pb_column et_pb_column_2_5 et-last-child et_block_column et_pb_css_mix_blend_mode_passthrough\"><div class=\"et_pb_image_0 et_pb_image et_pb_module et_block_module\"><span class=\"et_pb_image_wrap\"><img loading=\"lazy\" decoding=\"async\" src=\"https:\/\/nccfoodbank.org\/wp-content\/uploads\/2017\/09\/kids-in-the-kitchen-boys-preparing-marinade.jpg\" width=\"2952\" height=\"5248\" srcset=\"https:\/\/nccfoodbank.org\/wp-content\/uploads\/2017\/09\/kids-in-the-kitchen-boys-preparing-marinade.jpg 2952w, https:\/\/nccfoodbank.org\/wp-content\/uploads\/2017\/09\/kids-in-the-kitchen-boys-preparing-marinade-169x300.jpg 169w, https:\/\/nccfoodbank.org\/wp-content\/uploads\/2017\/09\/kids-in-the-kitchen-boys-preparing-marinade-768x1365.jpg 768w, https:\/\/nccfoodbank.org\/wp-content\/uploads\/2017\/09\/kids-in-the-kitchen-boys-preparing-marinade-576x1024.jpg 576w\" sizes=\"(max-width: 2952px) 100vw, 2952px\" class=\"wp-image-2079\" title=\"Chefs famosos y ni\u00f1os en la cocina\" alt=\"boys preparing marinade\" \/><\/span><\/div><\/div><\/div><div class=\"et_pb_row_3 et_pb_row et_block_row\"><div class=\"et_pb_column_4 et_pb_column et_pb_column_1_2 et_block_column et_pb_css_mix_blend_mode_passthrough\"><div class=\"et_pb_text_3 et_pb_text et_pb_bg_layout_light et_pb_module et_block_module\"><div class=\"et_pb_text_inner\"><h2>Adem\u00e1s de donaciones de dinero, aceptamos:<\/h2>\n<ul>\n<li>Conservas no abiertas ni caducadas<\/li>\n<li>Mantequilla de cacahuete<\/li>\n<li>Cereales y arroz<\/li>\n<li>Productos agr\u00edcolas (cultivados en casa o comprados en la tienda)<\/li>\n<li>Comidas envasadas<\/li>\n<li>Alimentos para mascotas<\/li>\n<li>Bolsas de la compra en buen estado<\/li>\n<li>Material escolar<\/li>\n<li>Todo el menaje del hogar<\/li>\n<li>Y todas las grapas principales<\/li>\n<\/ul>\n<p>Los alimentos ricos en prote\u00ednas son siempre esenciales. Nos esforzamos por ofrecer a nuestros clientes los alimentos m\u00e1s nutritivos, bajos en sal y sin az\u00facares a\u00f1adidos.<\/p>\n<\/div><\/div><\/div><div class=\"et_pb_column_5 et_pb_column et_pb_column_1_2 et-last-child et_block_column et_pb_css_mix_blend_mode_passthrough\"><div class=\"et_pb_text_4 et_pb_text et_pb_bg_layout_light et_pb_module et_block_module\"><div class=\"et_pb_text_inner\"><h2>Los elementos espec\u00edficos que se necesitan con m\u00e1s frecuencia son<\/h2>\n<ul>\n<li>Conservas de tomate<\/li>\n<li>At\u00fan<\/li>\n<li>Macarrones con queso<\/li>\n<li>Mantequilla de cacahuete o de almendra<\/li>\n<li>Sopas<\/li>\n<li>Mermeladas y jaleas<\/li>\n<li>Productos de higiene y aseo<\/li>\n<li>Avena y cereales fr\u00edos<\/li>\n<li>Pasta y arroz<\/li>\n<li>Alimentos para animales de compa\u00f1\u00eda<\/li>\n<li>Jabones para la ropa y la vajilla<\/li>\n<li>Art\u00edculos de limpieza<\/li>\n<\/ul>\n<p>&nbsp;<\/p>\n<\/div><\/div><\/div><\/div><div class=\"et_pb_row_4 et_pb_row et_block_row\"><div class=\"et_pb_column_6 et_pb_column et_pb_column_4_4 et-last-child et_block_column et_pb_css_mix_blend_mode_passthrough\"><div class=\"et_pb_text_5 et_pb_text et_pb_bg_layout_light et_pb_module et_block_module\"><div class=\"et_pb_text_inner\"><p>Las necesidades de nuestros clientes crecen constantemente, por lo que las necesidades del banco de alimentos tambi\u00e9n lo hacen.  Actualmente, nuestra poblaci\u00f3n de personas mayores est\u00e1 creciendo r\u00e1pidamente (aproximadamente 20% el a\u00f1o pasado).  Esta tendencia refleja el envejecimiento demogr\u00e1fico en todo el pa\u00eds y seguiremos viendo este crecimiento en el futuro.  Si est\u00e1 planificando donaciones anuales, testamentos vitales o herencias, p\u00f3ngase en contacto con nosotros.  Podemos organizar fideicomisos ben\u00e9ficos y otras donaciones beneficiosas que tambi\u00e9n ayudar\u00e1n al banco de alimentos.<\/p>\n<h3 style=\"text-align: center;\"><em>Nadie merece pasar hambre, y donde las personas prosperan, prosperan comunidades enteras.<\/em><\/h3>\n<\/div><\/div><\/div><\/div><\/div>","protected":false},"excerpt":{"rendered":"","protected":false},"author":1,"featured_media":0,"parent":0,"menu_order":1,"comment_status":"open","ping_status":"closed","template":"","meta":{"give_campaign_id":0,"footnotes":""},"class_list":["post-1995","page","type-page","status-publish","hentry"],"campaignId":"","_links":{"self":[{"href":"https:\/\/nccfoodbank.org\/es\/wp-json\/wp\/v2\/pages\/1995","targetHints":{"allow":["GET"]}}],"collection":[{"href":"https:\/\/nccfoodbank.org\/es\/wp-json\/wp\/v2\/pages"}],"about":[{"href":"https:\/\/nccfoodbank.org\/es\/wp-json\/wp\/v2\/types\/page"}],"author":[{"embeddable":true,"href":"https:\/\/nccfoodbank.org\/es\/wp-json\/wp\/v2\/users\/1"}],"replies":[{"embeddable":true,"href":"https:\/\/nccfoodbank.org\/es\/wp-json\/wp\/v2\/comments?post=1995"}],"version-history":[{"count":0,"href":"https:\/\/nccfoodbank.org\/es\/wp-json\/wp\/v2\/pages\/1995\/revisions"}],"wp:attachment":[{"href":"https:\/\/nccfoodbank.org\/es\/wp-json\/wp\/v2\/media?parent=1995"}],"curies":[{"name":"wp","href":"https:\/\/api.w.org\/{rel}","templated":true}]}}