{"id":1797,"date":"2011-07-14T19:45:29","date_gmt":"2011-07-14T19:45:29","guid":{"rendered":"https:\/\/nccfoodbank.org\/about\/"},"modified":"2026-03-12T18:17:55","modified_gmt":"2026-03-13T01:17:55","slug":"about","status":"publish","type":"page","link":"https:\/\/nccfoodbank.org\/es\/about\/","title":{"rendered":"Acerca de"},"content":{"rendered":"<div class=\"et_pb_section_0 et_pb_section et_pb_fullwidth_section et_section_regular et_block_section\">\n<section class=\"et_pb_fullwidth_header_0 et_pb_fullwidth_header et_pb_bg_layout_dark et_pb_text_align_left et_pb_module et_flex_module\"><div class=\"et_pb_fullwidth_header_container left\"><div class=\"header-content-container center\"><div class=\"header-content et_flex_module\"><h1 class=\"et_pb_module_header\">Qui\u00e9nes somos<\/h1><div class=\"et_pb_header_button_wrapper\"><\/div><\/div><\/div><\/div><div class=\"et_pb_fullwidth_header_overlay\"><\/div><div class=\"et_pb_fullwidth_header_scroll\"><\/div><\/section>\n<\/div>\n\n<div class=\"et_pb_section_1 et_pb_section et_section_regular et_block_section section_has_divider et_pb_top_divider\"><div class=\"et_pb_top_inside_divider et-no-transition\"><\/div>\n<div class=\"et_pb_row_0 et_pb_row et_pb_equal_columns et_block_row\">\n<div class=\"et_pb_column_0 et_pb_column et_pb_column_4_4 et-last-child et_block_column et_pb_css_mix_blend_mode_passthrough\">\n<div class=\"et_pb_text_0 et_pb_text et_pb_bg_layout_light et_pb_module et_block_module\"><div class=\"et_pb_text_inner\"><h1>El NCCFB proporciona a sus clientes esperanza y confianza.<\/h1>\n<p>Desde 1980, hemos estado uniendo a los miembros de la comunidad para construir familias m\u00e1s fuertes en el \u00e1rea metropolitana de Battle Ground. Los ni\u00f1os y las familias afectados por el hambre constituyen el 40% de nuestra base de clientes, y otros 22% son personas mayores afectadas por las limitaciones de la seguridad social y por importantes problemas m\u00e9dicos.<\/p>\n<\/div><\/div>\n\n<div class=\"et_pb_text_1 et_pb_text et_pb_bg_layout_light et_pb_module et_flex_module\"><div class=\"et_pb_text_inner\"><p>Los formularios 990 del Banco de Alimentos est\u00e1n disponibles para su consulta en<a href=\"https:\/\/www.charitynavigator.org\/ein\/911715580\"> https:\/\/www.charitynavigator.org\/ein\/911715580<\/a>.<\/p>\n<\/div><\/div>\n<\/div>\n<\/div>\n\n<div class=\"et_pb_row_1 et_pb_row et_block_row\">\n<div class=\"et_pb_column_1 et_pb_column et_pb_column_4_4 et-last-child et_block_column et_pb_css_mix_blend_mode_passthrough\">\n<ul class=\"et_pb_counters_0 et_pb_counters et-waypoint et_pb_bg_layout_light et_pb_module et_block_module\">\n<li class=\"et_pb_counter_0 et_pb_counter\"><span class=\"et_pb_counter_title\">Base de clientes del NCCFB<\/span><span class=\"et_pb_counter_container\"><span class=\"et_pb_counter_amount\" data-width=\"100%\"><span class=\"et_pb_counter_amount_number\"><span class=\"et_pb_counter_amount_number_inner\">100%<\/span><\/span><\/span><span class=\"et_pb_counter_amount overlay\" data-width=\"100%\"><span class=\"et_pb_counter_amount_number\"><span class=\"et_pb_counter_amount_number_inner\">100%<\/span><\/span><\/span><\/span><\/li>\n\n<li class=\"et_pb_counter_1 et_pb_counter\"><span class=\"et_pb_counter_title\">Clientes de la NCCFB: ni\u00f1os<\/span><span class=\"et_pb_counter_container\"><span class=\"et_pb_counter_amount\" data-width=\"40%\"><span class=\"et_pb_counter_amount_number\"><span class=\"et_pb_counter_amount_number_inner\">40%<\/span><\/span><\/span><span class=\"et_pb_counter_amount overlay\" data-width=\"40%\"><span class=\"et_pb_counter_amount_number\"><span class=\"et_pb_counter_amount_number_inner\">40%<\/span><\/span><\/span><\/span><\/li>\n\n<li class=\"et_pb_counter_2 et_pb_counter\"><span class=\"et_pb_counter_title\">Clientes de NCCFB: personas mayores<\/span><span class=\"et_pb_counter_container\"><span class=\"et_pb_counter_amount\" data-width=\"22%\"><span class=\"et_pb_counter_amount_number\"><span class=\"et_pb_counter_amount_number_inner\">22%<\/span><\/span><\/span><span class=\"et_pb_counter_amount overlay\" data-width=\"22%\"><span class=\"et_pb_counter_amount_number\"><span class=\"et_pb_counter_amount_number_inner\">22%<\/span><\/span><\/span><\/span><\/li>\n<\/ul>\n<\/div>\n<\/div>\n\n<div class=\"et_pb_row_2 et_pb_row et_block_row\">\n<div class=\"et_pb_column_2 et_pb_column et_pb_column_1_2 et_block_column et_pb_css_mix_blend_mode_passthrough\">\n<div class=\"et_pb_text_2 et_pb_text et_pb_bg_layout_light et_pb_module et_block_module\"><div class=\"et_pb_text_inner\"><p>North County Food Bank atiende a una media de 650-950 familias al mes, casi 13.000 clientes en total. Somos una filial del Clark County Food Bank y uno de los \u00fanicos distribuidores locales de productos b\u00e1sicos del USDA, como leche estable, queso, frijoles y carne enlatados y arroz.<\/p>\n<p>Adem\u00e1s de los productos subvencionados, North County Community Food Bank es el mayor comprador de alimentos del condado de Clark. Compramos regularmente huevos, productos agr\u00edcolas, art\u00edculos de tocador y para el hogar, alimentos para mascotas y mucho m\u00e1s.<\/p>\n<p>Y hacemos m\u00e1s que alimentar a la gente. North County Food Bank ofrece una serie de servicios y recursos a clientes de todo el condado. Nuestro objetivo es resolver problemas y apoyar una comunidad sana y pr\u00f3spera.<\/p>\n<p>Hazte voluntario o dona hoy mismo. Nosotros tambi\u00e9n necesitamos tu ayuda.<\/p>\n<\/div><\/div>\n\n<div class=\"et_pb_module et_pb_button_module_wrapper et_pb_button_0_wrapper\"><a class=\"et_pb_button_0 et_pb_button et_pb_bg_layout_light et_pb_module et_block_module\" href=\"https:\/\/nccfoodbank.org\/es\/donate\/\">Donar en l\u00ednea<\/a><\/div>\n<\/div>\n\n<div class=\"et_pb_column_3 et_pb_column et_pb_column_1_2 et-last-child et_block_column et_pb_css_mix_blend_mode_passthrough\">\n<div class=\"et_pb_image_0 et_pb_image et_pb_module et_block_module\"><span class=\"et_pb_image_wrap\"><img loading=\"lazy\" decoding=\"async\" src=\"https:\/\/nccfoodbank.org\/wp-content\/uploads\/2024\/02\/food-bank_18.jpg\" width=\"800\" height=\"534\" srcset=\"https:\/\/nccfoodbank.org\/wp-content\/uploads\/2024\/02\/food-bank_18.jpg 800w, https:\/\/nccfoodbank.org\/wp-content\/uploads\/2024\/02\/food-bank_18-480x320.jpg 480w\" sizes=\"(min-width: 0px) and (max-width: 480px) 480px, (min-width: 481px) 800px, 100vw\" class=\"wp-image-3759\" title=\"banco_de_alimentos_18\" \/><\/span><\/div>\n<\/div>\n<\/div>\n<\/div>","protected":false},"excerpt":{"rendered":"","protected":false},"author":1,"featured_media":0,"parent":0,"menu_order":1,"comment_status":"open","ping_status":"closed","template":"","meta":{"give_campaign_id":0,"footnotes":""},"class_list":["post-1797","page","type-page","status-publish","hentry"],"campaignId":"","_links":{"self":[{"href":"https:\/\/nccfoodbank.org\/es\/wp-json\/wp\/v2\/pages\/1797","targetHints":{"allow":["GET"]}}],"collection":[{"href":"https:\/\/nccfoodbank.org\/es\/wp-json\/wp\/v2\/pages"}],"about":[{"href":"https:\/\/nccfoodbank.org\/es\/wp-json\/wp\/v2\/types\/page"}],"author":[{"embeddable":true,"href":"https:\/\/nccfoodbank.org\/es\/wp-json\/wp\/v2\/users\/1"}],"replies":[{"embeddable":true,"href":"https:\/\/nccfoodbank.org\/es\/wp-json\/wp\/v2\/comments?post=1797"}],"version-history":[{"count":0,"href":"https:\/\/nccfoodbank.org\/es\/wp-json\/wp\/v2\/pages\/1797\/revisions"}],"wp:attachment":[{"href":"https:\/\/nccfoodbank.org\/es\/wp-json\/wp\/v2\/media?parent=1797"}],"curies":[{"name":"wp","href":"https:\/\/api.w.org\/{rel}","templated":true}]}}